{"id":132,"date":"2025-05-08T23:41:18","date_gmt":"2025-05-08T21:41:18","guid":{"rendered":"https:\/\/kitchenemore.be\/?page_id=132"},"modified":"2025-07-01T13:46:07","modified_gmt":"2025-07-01T11:46:07","slug":"inspiration","status":"publish","type":"page","link":"https:\/\/kitchenemore.be\/index.php\/inspiration\/","title":{"rendered":"Inspiration"},"content":{"rendered":"\n<p>En panne d&rsquo;id\u00e9es?  Nos cuisines d\u00e9j\u00e0 r\u00e9alis\u00e9es seront une source d&rsquo;inspiration. N&rsquo;h\u00e9sitez pas \u00e0 y jeter un \u0153il.<\/p>\n\n\n\n<figure class=\"wp-block-gallery has-nested-images columns-default is-cropped wp-block-gallery-1 is-layout-flex wp-block-gallery-is-layout-flex\">\n<figure class=\"wp-block-image size-large is-style-default\"><a href=\"https:\/\/kitchenemore.be\/wp-content\/uploads\/2025\/05\/cuisine-1-scaled.jpg\"><img loading=\"lazy\" decoding=\"async\" width=\"1024\" height=\"768\" data-id=\"153\" src=\"https:\/\/kitchenemore.be\/wp-content\/uploads\/2025\/05\/cuisine-1-1024x768.jpg\" alt=\"\" class=\"wp-image-153\" srcset=\"https:\/\/kitchenemore.be\/wp-content\/uploads\/2025\/05\/cuisine-1-1024x768.jpg 1024w, https:\/\/kitchenemore.be\/wp-content\/uploads\/2025\/05\/cuisine-1-300x225.jpg 300w, https:\/\/kitchenemore.be\/wp-content\/uploads\/2025\/05\/cuisine-1-768x576.jpg 768w, https:\/\/kitchenemore.be\/wp-content\/uploads\/2025\/05\/cuisine-1-1536x1152.jpg 1536w, https:\/\/kitchenemore.be\/wp-content\/uploads\/2025\/05\/cuisine-1-2048x1536.jpg 2048w\" sizes=\"auto, (max-width: 767px) 89vw, (max-width: 1000px) 54vw, (max-width: 1071px) 543px, 580px\" \/><\/a><\/figure>\n\n\n\n<figure class=\"wp-block-image size-large\"><a href=\"https:\/\/kitchenemore.be\/wp-content\/uploads\/2025\/05\/cuisine-2-scaled.jpg\"><img loading=\"lazy\" decoding=\"async\" width=\"1024\" height=\"768\" data-id=\"154\" src=\"https:\/\/kitchenemore.be\/wp-content\/uploads\/2025\/05\/cuisine-2-1024x768.jpg\" alt=\"\" class=\"wp-image-154\" srcset=\"https:\/\/kitchenemore.be\/wp-content\/uploads\/2025\/05\/cuisine-2-1024x768.jpg 1024w, https:\/\/kitchenemore.be\/wp-content\/uploads\/2025\/05\/cuisine-2-300x225.jpg 300w, https:\/\/kitchenemore.be\/wp-content\/uploads\/2025\/05\/cuisine-2-768x576.jpg 768w, https:\/\/kitchenemore.be\/wp-content\/uploads\/2025\/05\/cuisine-2-1536x1152.jpg 1536w, https:\/\/kitchenemore.be\/wp-content\/uploads\/2025\/05\/cuisine-2-2048x1536.jpg 2048w\" sizes=\"auto, (max-width: 767px) 89vw, (max-width: 1000px) 54vw, (max-width: 1071px) 543px, 580px\" \/><\/a><\/figure>\n\n\n\n<figure class=\"wp-block-image size-large\"><a href=\"https:\/\/kitchenemore.be\/wp-content\/uploads\/2025\/05\/cuisine-3-scaled.jpg\"><img loading=\"lazy\" decoding=\"async\" width=\"1024\" height=\"760\" data-id=\"152\" src=\"https:\/\/kitchenemore.be\/wp-content\/uploads\/2025\/05\/cuisine-3-1024x760.jpg\" alt=\"\" class=\"wp-image-152\" srcset=\"https:\/\/kitchenemore.be\/wp-content\/uploads\/2025\/05\/cuisine-3-1024x760.jpg 1024w, https:\/\/kitchenemore.be\/wp-content\/uploads\/2025\/05\/cuisine-3-300x223.jpg 300w, https:\/\/kitchenemore.be\/wp-content\/uploads\/2025\/05\/cuisine-3-768x570.jpg 768w, https:\/\/kitchenemore.be\/wp-content\/uploads\/2025\/05\/cuisine-3-1536x1140.jpg 1536w, https:\/\/kitchenemore.be\/wp-content\/uploads\/2025\/05\/cuisine-3-2048x1519.jpg 2048w\" sizes=\"auto, (max-width: 767px) 89vw, (max-width: 1000px) 54vw, (max-width: 1071px) 543px, 580px\" \/><\/a><\/figure>\n\n\n\n<figure class=\"wp-block-image size-large\"><a href=\"https:\/\/kitchenemore.be\/wp-content\/uploads\/2025\/05\/cuisine-4-1-scaled.jpg\"><img loading=\"lazy\" decoding=\"async\" width=\"1024\" height=\"831\" data-id=\"155\" src=\"https:\/\/kitchenemore.be\/wp-content\/uploads\/2025\/05\/cuisine-4-1-1024x831.jpg\" alt=\"\" class=\"wp-image-155\" srcset=\"https:\/\/kitchenemore.be\/wp-content\/uploads\/2025\/05\/cuisine-4-1-1024x831.jpg 1024w, https:\/\/kitchenemore.be\/wp-content\/uploads\/2025\/05\/cuisine-4-1-300x243.jpg 300w, https:\/\/kitchenemore.be\/wp-content\/uploads\/2025\/05\/cuisine-4-1-768x623.jpg 768w, https:\/\/kitchenemore.be\/wp-content\/uploads\/2025\/05\/cuisine-4-1-1536x1246.jpg 1536w, https:\/\/kitchenemore.be\/wp-content\/uploads\/2025\/05\/cuisine-4-1-2048x1661.jpg 2048w\" sizes=\"auto, (max-width: 767px) 89vw, (max-width: 1000px) 54vw, (max-width: 1071px) 543px, 580px\" \/><\/a><\/figure>\n\n\n\n<figure class=\"wp-block-image size-large\"><a href=\"https:\/\/kitchenemore.be\/wp-content\/uploads\/2025\/05\/cuisine-5-scaled.jpg\"><img loading=\"lazy\" decoding=\"async\" width=\"868\" height=\"1024\" data-id=\"151\" src=\"https:\/\/kitchenemore.be\/wp-content\/uploads\/2025\/05\/cuisine-5-868x1024.jpg\" alt=\"\" class=\"wp-image-151\" srcset=\"https:\/\/kitchenemore.be\/wp-content\/uploads\/2025\/05\/cuisine-5-868x1024.jpg 868w, https:\/\/kitchenemore.be\/wp-content\/uploads\/2025\/05\/cuisine-5-254x300.jpg 254w, https:\/\/kitchenemore.be\/wp-content\/uploads\/2025\/05\/cuisine-5-768x906.jpg 768w, https:\/\/kitchenemore.be\/wp-content\/uploads\/2025\/05\/cuisine-5-1302x1536.jpg 1302w, https:\/\/kitchenemore.be\/wp-content\/uploads\/2025\/05\/cuisine-5-1735x2048.jpg 1735w\" sizes=\"auto, (max-width: 767px) 89vw, (max-width: 1000px) 54vw, (max-width: 1071px) 543px, 580px\" \/><\/a><\/figure>\n\n\n\n<figure class=\"wp-block-image size-large\"><a href=\"https:\/\/kitchenemore.be\/wp-content\/uploads\/2025\/05\/cuisine-6.jpg\"><img loading=\"lazy\" decoding=\"async\" width=\"770\" height=\"1024\" data-id=\"135\" src=\"https:\/\/kitchenemore.be\/wp-content\/uploads\/2025\/05\/cuisine-6-770x1024.jpg\" alt=\"\" class=\"wp-image-135\" srcset=\"https:\/\/kitchenemore.be\/wp-content\/uploads\/2025\/05\/cuisine-6-770x1024.jpg 770w, https:\/\/kitchenemore.be\/wp-content\/uploads\/2025\/05\/cuisine-6-225x300.jpg 225w, https:\/\/kitchenemore.be\/wp-content\/uploads\/2025\/05\/cuisine-6-768x1022.jpg 768w, https:\/\/kitchenemore.be\/wp-content\/uploads\/2025\/05\/cuisine-6.jpg 1125w\" sizes=\"auto, (max-width: 767px) 89vw, (max-width: 1000px) 54vw, (max-width: 1071px) 543px, 580px\" \/><\/a><\/figure>\n\n\n\n<figure class=\"wp-block-image size-medium\"><a href=\"https:\/\/kitchenemore.be\/wp-content\/uploads\/2025\/05\/cuisine-7.jpg\"><img loading=\"lazy\" decoding=\"async\" width=\"225\" height=\"300\" data-id=\"133\" src=\"https:\/\/kitchenemore.be\/wp-content\/uploads\/2025\/05\/cuisine-7-225x300.jpg\" alt=\"\" class=\"wp-image-133\" srcset=\"https:\/\/kitchenemore.be\/wp-content\/uploads\/2025\/05\/cuisine-7-225x300.jpg 225w, https:\/\/kitchenemore.be\/wp-content\/uploads\/2025\/05\/cuisine-7.jpg 480w\" sizes=\"auto, (max-width: 225px) 100vw, 225px\" \/><\/a><\/figure>\n\n\n\n<figure class=\"wp-block-image size-large\"><a href=\"https:\/\/kitchenemore.be\/wp-content\/uploads\/2025\/05\/cuisine-8-scaled.jpg\"><img loading=\"lazy\" decoding=\"async\" width=\"1024\" height=\"768\" data-id=\"148\" src=\"https:\/\/kitchenemore.be\/wp-content\/uploads\/2025\/05\/cuisine-8-1024x768.jpg\" alt=\"\" class=\"wp-image-148\" srcset=\"https:\/\/kitchenemore.be\/wp-content\/uploads\/2025\/05\/cuisine-8-1024x768.jpg 1024w, https:\/\/kitchenemore.be\/wp-content\/uploads\/2025\/05\/cuisine-8-300x225.jpg 300w, https:\/\/kitchenemore.be\/wp-content\/uploads\/2025\/05\/cuisine-8-768x576.jpg 768w, https:\/\/kitchenemore.be\/wp-content\/uploads\/2025\/05\/cuisine-8-1536x1152.jpg 1536w, https:\/\/kitchenemore.be\/wp-content\/uploads\/2025\/05\/cuisine-8-2048x1536.jpg 2048w\" sizes=\"auto, (max-width: 767px) 89vw, (max-width: 1000px) 54vw, (max-width: 1071px) 543px, 580px\" \/><\/a><\/figure>\n\n\n\n<figure class=\"wp-block-image size-large\"><a href=\"https:\/\/kitchenemore.be\/wp-content\/uploads\/2025\/05\/cuisine-9-scaled.jpg\"><img loading=\"lazy\" decoding=\"async\" width=\"768\" height=\"1024\" data-id=\"150\" src=\"https:\/\/kitchenemore.be\/wp-content\/uploads\/2025\/05\/cuisine-9-768x1024.jpg\" alt=\"\" class=\"wp-image-150\" srcset=\"https:\/\/kitchenemore.be\/wp-content\/uploads\/2025\/05\/cuisine-9-768x1024.jpg 768w, https:\/\/kitchenemore.be\/wp-content\/uploads\/2025\/05\/cuisine-9-225x300.jpg 225w, https:\/\/kitchenemore.be\/wp-content\/uploads\/2025\/05\/cuisine-9-1152x1536.jpg 1152w, https:\/\/kitchenemore.be\/wp-content\/uploads\/2025\/05\/cuisine-9-1536x2048.jpg 1536w, https:\/\/kitchenemore.be\/wp-content\/uploads\/2025\/05\/cuisine-9-scaled.jpg 1920w\" sizes=\"auto, (max-width: 767px) 89vw, (max-width: 1000px) 54vw, (max-width: 1071px) 543px, 580px\" \/><\/a><\/figure>\n\n\n\n<figure class=\"wp-block-image size-large\"><a href=\"https:\/\/kitchenemore.be\/wp-content\/uploads\/2025\/05\/cuisine-10-1-scaled.jpg\"><img loading=\"lazy\" decoding=\"async\" width=\"1024\" height=\"768\" data-id=\"156\" src=\"https:\/\/kitchenemore.be\/wp-content\/uploads\/2025\/05\/cuisine-10-1-1024x768.jpg\" alt=\"\" class=\"wp-image-156\" srcset=\"https:\/\/kitchenemore.be\/wp-content\/uploads\/2025\/05\/cuisine-10-1-1024x768.jpg 1024w, https:\/\/kitchenemore.be\/wp-content\/uploads\/2025\/05\/cuisine-10-1-300x225.jpg 300w, https:\/\/kitchenemore.be\/wp-content\/uploads\/2025\/05\/cuisine-10-1-768x576.jpg 768w, https:\/\/kitchenemore.be\/wp-content\/uploads\/2025\/05\/cuisine-10-1-1536x1152.jpg 1536w, https:\/\/kitchenemore.be\/wp-content\/uploads\/2025\/05\/cuisine-10-1-2048x1536.jpg 2048w\" sizes=\"auto, (max-width: 767px) 89vw, (max-width: 1000px) 54vw, (max-width: 1071px) 543px, 580px\" \/><\/a><\/figure>\n\n\n\n<figure class=\"wp-block-image size-large\"><a href=\"https:\/\/kitchenemore.be\/wp-content\/uploads\/2025\/05\/cuisine-11-scaled.jpg\"><img loading=\"lazy\" decoding=\"async\" width=\"1024\" height=\"869\" data-id=\"136\" src=\"https:\/\/kitchenemore.be\/wp-content\/uploads\/2025\/05\/cuisine-11-1024x869.jpg\" alt=\"\" class=\"wp-image-136\" srcset=\"https:\/\/kitchenemore.be\/wp-content\/uploads\/2025\/05\/cuisine-11-1024x869.jpg 1024w, https:\/\/kitchenemore.be\/wp-content\/uploads\/2025\/05\/cuisine-11-300x255.jpg 300w, https:\/\/kitchenemore.be\/wp-content\/uploads\/2025\/05\/cuisine-11-768x652.jpg 768w, https:\/\/kitchenemore.be\/wp-content\/uploads\/2025\/05\/cuisine-11-1536x1304.jpg 1536w, https:\/\/kitchenemore.be\/wp-content\/uploads\/2025\/05\/cuisine-11-2048x1739.jpg 2048w\" sizes=\"auto, (max-width: 767px) 89vw, (max-width: 1000px) 54vw, (max-width: 1071px) 543px, 580px\" \/><\/a><\/figure>\n\n\n\n<figure class=\"wp-block-image size-large\"><a href=\"https:\/\/kitchenemore.be\/wp-content\/uploads\/2025\/05\/cuisine-12-scaled.jpg\"><img loading=\"lazy\" decoding=\"async\" width=\"1024\" height=\"768\" data-id=\"149\" src=\"https:\/\/kitchenemore.be\/wp-content\/uploads\/2025\/05\/cuisine-12-1024x768.jpg\" alt=\"\" class=\"wp-image-149\" srcset=\"https:\/\/kitchenemore.be\/wp-content\/uploads\/2025\/05\/cuisine-12-1024x768.jpg 1024w, https:\/\/kitchenemore.be\/wp-content\/uploads\/2025\/05\/cuisine-12-300x225.jpg 300w, https:\/\/kitchenemore.be\/wp-content\/uploads\/2025\/05\/cuisine-12-768x576.jpg 768w, https:\/\/kitchenemore.be\/wp-content\/uploads\/2025\/05\/cuisine-12-1536x1152.jpg 1536w, https:\/\/kitchenemore.be\/wp-content\/uploads\/2025\/05\/cuisine-12-2048x1536.jpg 2048w\" sizes=\"auto, (max-width: 767px) 89vw, (max-width: 1000px) 54vw, (max-width: 1071px) 543px, 580px\" \/><\/a><\/figure>\n\n\n\n<figure class=\"wp-block-image size-large\"><a href=\"https:\/\/kitchenemore.be\/wp-content\/uploads\/2025\/05\/cuisine-13-1-scaled.jpg\"><img loading=\"lazy\" decoding=\"async\" width=\"1024\" height=\"764\" data-id=\"157\" src=\"https:\/\/kitchenemore.be\/wp-content\/uploads\/2025\/05\/cuisine-13-1-1024x764.jpg\" alt=\"\" class=\"wp-image-157\" srcset=\"https:\/\/kitchenemore.be\/wp-content\/uploads\/2025\/05\/cuisine-13-1-1024x764.jpg 1024w, https:\/\/kitchenemore.be\/wp-content\/uploads\/2025\/05\/cuisine-13-1-300x224.jpg 300w, https:\/\/kitchenemore.be\/wp-content\/uploads\/2025\/05\/cuisine-13-1-768x573.jpg 768w, https:\/\/kitchenemore.be\/wp-content\/uploads\/2025\/05\/cuisine-13-1-1536x1146.jpg 1536w, https:\/\/kitchenemore.be\/wp-content\/uploads\/2025\/05\/cuisine-13-1-2048x1528.jpg 2048w\" sizes=\"auto, (max-width: 767px) 89vw, (max-width: 1000px) 54vw, (max-width: 1071px) 543px, 580px\" \/><\/a><\/figure>\n\n\n\n<figure class=\"wp-block-image size-large\"><a href=\"https:\/\/kitchenemore.be\/wp-content\/uploads\/2025\/05\/cuisine-14-1-scaled.jpg\"><img loading=\"lazy\" decoding=\"async\" width=\"768\" height=\"1024\" data-id=\"158\" src=\"https:\/\/kitchenemore.be\/wp-content\/uploads\/2025\/05\/cuisine-14-1-768x1024.jpg\" alt=\"\" class=\"wp-image-158\" srcset=\"https:\/\/kitchenemore.be\/wp-content\/uploads\/2025\/05\/cuisine-14-1-768x1024.jpg 768w, https:\/\/kitchenemore.be\/wp-content\/uploads\/2025\/05\/cuisine-14-1-225x300.jpg 225w, https:\/\/kitchenemore.be\/wp-content\/uploads\/2025\/05\/cuisine-14-1-1152x1536.jpg 1152w, https:\/\/kitchenemore.be\/wp-content\/uploads\/2025\/05\/cuisine-14-1-1536x2048.jpg 1536w, https:\/\/kitchenemore.be\/wp-content\/uploads\/2025\/05\/cuisine-14-1-scaled.jpg 1920w\" sizes=\"auto, (max-width: 767px) 89vw, (max-width: 1000px) 54vw, (max-width: 1071px) 543px, 580px\" \/><\/a><\/figure>\n\n\n\n<figure class=\"wp-block-image size-large\"><a href=\"https:\/\/kitchenemore.be\/wp-content\/uploads\/2025\/05\/cuisine-15-1-scaled.jpg\"><img loading=\"lazy\" decoding=\"async\" width=\"768\" height=\"1024\" data-id=\"159\" src=\"https:\/\/kitchenemore.be\/wp-content\/uploads\/2025\/05\/cuisine-15-1-768x1024.jpg\" alt=\"\" class=\"wp-image-159\" srcset=\"https:\/\/kitchenemore.be\/wp-content\/uploads\/2025\/05\/cuisine-15-1-768x1024.jpg 768w, https:\/\/kitchenemore.be\/wp-content\/uploads\/2025\/05\/cuisine-15-1-225x300.jpg 225w, https:\/\/kitchenemore.be\/wp-content\/uploads\/2025\/05\/cuisine-15-1-1152x1536.jpg 1152w, https:\/\/kitchenemore.be\/wp-content\/uploads\/2025\/05\/cuisine-15-1-1536x2048.jpg 1536w, https:\/\/kitchenemore.be\/wp-content\/uploads\/2025\/05\/cuisine-15-1-scaled.jpg 1920w\" sizes=\"auto, (max-width: 767px) 89vw, (max-width: 1000px) 54vw, (max-width: 1071px) 543px, 580px\" \/><\/a><\/figure>\n\n\n\n<figure class=\"wp-block-image size-large\"><a href=\"https:\/\/kitchenemore.be\/wp-content\/uploads\/2025\/05\/cuisine-16-1-scaled.jpg\"><img loading=\"lazy\" decoding=\"async\" width=\"1024\" height=\"768\" data-id=\"160\" src=\"https:\/\/kitchenemore.be\/wp-content\/uploads\/2025\/05\/cuisine-16-1-1024x768.jpg\" alt=\"\" class=\"wp-image-160\" srcset=\"https:\/\/kitchenemore.be\/wp-content\/uploads\/2025\/05\/cuisine-16-1-1024x768.jpg 1024w, https:\/\/kitchenemore.be\/wp-content\/uploads\/2025\/05\/cuisine-16-1-300x225.jpg 300w, https:\/\/kitchenemore.be\/wp-content\/uploads\/2025\/05\/cuisine-16-1-768x576.jpg 768w, https:\/\/kitchenemore.be\/wp-content\/uploads\/2025\/05\/cuisine-16-1-1536x1152.jpg 1536w, https:\/\/kitchenemore.be\/wp-content\/uploads\/2025\/05\/cuisine-16-1-2048x1536.jpg 2048w\" sizes=\"auto, (max-width: 767px) 89vw, (max-width: 1000px) 54vw, (max-width: 1071px) 543px, 580px\" \/><\/a><\/figure>\n\n\n\n<figure class=\"wp-block-image size-large\"><a href=\"https:\/\/kitchenemore.be\/wp-content\/uploads\/2025\/05\/cuisine-17-scaled.jpg\"><img loading=\"lazy\" decoding=\"async\" width=\"1024\" height=\"768\" data-id=\"145\" src=\"https:\/\/kitchenemore.be\/wp-content\/uploads\/2025\/05\/cuisine-17-1024x768.jpg\" alt=\"\" class=\"wp-image-145\" srcset=\"https:\/\/kitchenemore.be\/wp-content\/uploads\/2025\/05\/cuisine-17-1024x768.jpg 1024w, https:\/\/kitchenemore.be\/wp-content\/uploads\/2025\/05\/cuisine-17-300x225.jpg 300w, https:\/\/kitchenemore.be\/wp-content\/uploads\/2025\/05\/cuisine-17-768x576.jpg 768w, https:\/\/kitchenemore.be\/wp-content\/uploads\/2025\/05\/cuisine-17-1536x1152.jpg 1536w, https:\/\/kitchenemore.be\/wp-content\/uploads\/2025\/05\/cuisine-17-2048x1536.jpg 2048w\" sizes=\"auto, (max-width: 767px) 89vw, (max-width: 1000px) 54vw, (max-width: 1071px) 543px, 580px\" \/><\/a><\/figure>\n\n\n\n<figure class=\"wp-block-image size-large\"><a href=\"https:\/\/kitchenemore.be\/wp-content\/uploads\/2025\/05\/cuisine-18-1-scaled.jpg\"><img loading=\"lazy\" decoding=\"async\" width=\"1024\" height=\"768\" data-id=\"161\" src=\"https:\/\/kitchenemore.be\/wp-content\/uploads\/2025\/05\/cuisine-18-1-1024x768.jpg\" alt=\"\" class=\"wp-image-161\" srcset=\"https:\/\/kitchenemore.be\/wp-content\/uploads\/2025\/05\/cuisine-18-1-1024x768.jpg 1024w, https:\/\/kitchenemore.be\/wp-content\/uploads\/2025\/05\/cuisine-18-1-300x225.jpg 300w, https:\/\/kitchenemore.be\/wp-content\/uploads\/2025\/05\/cuisine-18-1-768x576.jpg 768w, https:\/\/kitchenemore.be\/wp-content\/uploads\/2025\/05\/cuisine-18-1-1536x1152.jpg 1536w, https:\/\/kitchenemore.be\/wp-content\/uploads\/2025\/05\/cuisine-18-1-2048x1536.jpg 2048w\" sizes=\"auto, (max-width: 767px) 89vw, (max-width: 1000px) 54vw, (max-width: 1071px) 543px, 580px\" \/><\/a><\/figure>\n\n\n\n<figure class=\"wp-block-image size-large\"><a href=\"https:\/\/kitchenemore.be\/wp-content\/uploads\/2025\/05\/cuisine-19-scaled.jpg\"><img loading=\"lazy\" decoding=\"async\" width=\"1024\" height=\"784\" data-id=\"134\" src=\"https:\/\/kitchenemore.be\/wp-content\/uploads\/2025\/05\/cuisine-19-1024x784.jpg\" alt=\"\" class=\"wp-image-134\" srcset=\"https:\/\/kitchenemore.be\/wp-content\/uploads\/2025\/05\/cuisine-19-1024x784.jpg 1024w, https:\/\/kitchenemore.be\/wp-content\/uploads\/2025\/05\/cuisine-19-300x230.jpg 300w, https:\/\/kitchenemore.be\/wp-content\/uploads\/2025\/05\/cuisine-19-768x588.jpg 768w, https:\/\/kitchenemore.be\/wp-content\/uploads\/2025\/05\/cuisine-19-1536x1177.jpg 1536w, https:\/\/kitchenemore.be\/wp-content\/uploads\/2025\/05\/cuisine-19-2048x1569.jpg 2048w\" sizes=\"auto, (max-width: 767px) 89vw, (max-width: 1000px) 54vw, (max-width: 1071px) 543px, 580px\" \/><\/a><\/figure>\n\n\n\n<figure class=\"wp-block-image size-large\"><a href=\"https:\/\/kitchenemore.be\/wp-content\/uploads\/2025\/05\/cuisine-20-1-scaled.jpg\"><img loading=\"lazy\" decoding=\"async\" width=\"1024\" height=\"768\" data-id=\"162\" src=\"https:\/\/kitchenemore.be\/wp-content\/uploads\/2025\/05\/cuisine-20-1-1024x768.jpg\" alt=\"\" class=\"wp-image-162\" srcset=\"https:\/\/kitchenemore.be\/wp-content\/uploads\/2025\/05\/cuisine-20-1-1024x768.jpg 1024w, https:\/\/kitchenemore.be\/wp-content\/uploads\/2025\/05\/cuisine-20-1-300x225.jpg 300w, https:\/\/kitchenemore.be\/wp-content\/uploads\/2025\/05\/cuisine-20-1-768x576.jpg 768w, https:\/\/kitchenemore.be\/wp-content\/uploads\/2025\/05\/cuisine-20-1-1536x1152.jpg 1536w, https:\/\/kitchenemore.be\/wp-content\/uploads\/2025\/05\/cuisine-20-1-2048x1536.jpg 2048w\" sizes=\"auto, (max-width: 767px) 89vw, (max-width: 1000px) 54vw, (max-width: 1071px) 543px, 580px\" \/><\/a><\/figure>\n\n\n\n<figure class=\"wp-block-image size-large\"><a href=\"https:\/\/kitchenemore.be\/wp-content\/uploads\/2025\/05\/cuisine-21-scaled.jpg\"><img loading=\"lazy\" decoding=\"async\" width=\"1024\" height=\"768\" data-id=\"143\" src=\"https:\/\/kitchenemore.be\/wp-content\/uploads\/2025\/05\/cuisine-21-1024x768.jpg\" alt=\"\" class=\"wp-image-143\" srcset=\"https:\/\/kitchenemore.be\/wp-content\/uploads\/2025\/05\/cuisine-21-1024x768.jpg 1024w, https:\/\/kitchenemore.be\/wp-content\/uploads\/2025\/05\/cuisine-21-300x225.jpg 300w, https:\/\/kitchenemore.be\/wp-content\/uploads\/2025\/05\/cuisine-21-768x576.jpg 768w, https:\/\/kitchenemore.be\/wp-content\/uploads\/2025\/05\/cuisine-21-1536x1152.jpg 1536w, https:\/\/kitchenemore.be\/wp-content\/uploads\/2025\/05\/cuisine-21-2048x1536.jpg 2048w\" sizes=\"auto, (max-width: 767px) 89vw, (max-width: 1000px) 54vw, (max-width: 1071px) 543px, 580px\" \/><\/a><\/figure>\n\n\n\n<figure class=\"wp-block-image size-large\"><a href=\"https:\/\/kitchenemore.be\/wp-content\/uploads\/2025\/05\/cuisine-22-1-scaled.jpg\"><img loading=\"lazy\" decoding=\"async\" width=\"1024\" height=\"662\" data-id=\"163\" src=\"https:\/\/kitchenemore.be\/wp-content\/uploads\/2025\/05\/cuisine-22-1-1024x662.jpg\" alt=\"\" class=\"wp-image-163\" srcset=\"https:\/\/kitchenemore.be\/wp-content\/uploads\/2025\/05\/cuisine-22-1-1024x662.jpg 1024w, https:\/\/kitchenemore.be\/wp-content\/uploads\/2025\/05\/cuisine-22-1-300x194.jpg 300w, https:\/\/kitchenemore.be\/wp-content\/uploads\/2025\/05\/cuisine-22-1-768x496.jpg 768w, https:\/\/kitchenemore.be\/wp-content\/uploads\/2025\/05\/cuisine-22-1-1536x993.jpg 1536w, https:\/\/kitchenemore.be\/wp-content\/uploads\/2025\/05\/cuisine-22-1-2048x1324.jpg 2048w\" sizes=\"auto, (max-width: 767px) 89vw, (max-width: 1000px) 54vw, (max-width: 1071px) 543px, 580px\" \/><\/a><\/figure>\n<\/figure>\n","protected":false},"excerpt":{"rendered":"<p>En panne d&rsquo;id\u00e9es? Nos cuisines d\u00e9j\u00e0 r\u00e9alis\u00e9es seront une source d&rsquo;inspiration. N&rsquo;h\u00e9sitez pas \u00e0 y jeter un \u0153il.<\/p>\n","protected":false},"author":1,"featured_media":156,"parent":0,"menu_order":0,"comment_status":"closed","ping_status":"closed","template":"","meta":{"footnotes":""},"class_list":["post-132","page","type-page","status-publish","has-post-thumbnail","hentry"],"_links":{"self":[{"href":"https:\/\/kitchenemore.be\/index.php\/wp-json\/wp\/v2\/pages\/132","targetHints":{"allow":["GET"]}}],"collection":[{"href":"https:\/\/kitchenemore.be\/index.php\/wp-json\/wp\/v2\/pages"}],"about":[{"href":"https:\/\/kitchenemore.be\/index.php\/wp-json\/wp\/v2\/types\/page"}],"author":[{"embeddable":true,"href":"https:\/\/kitchenemore.be\/index.php\/wp-json\/wp\/v2\/users\/1"}],"replies":[{"embeddable":true,"href":"https:\/\/kitchenemore.be\/index.php\/wp-json\/wp\/v2\/comments?post=132"}],"version-history":[{"count":10,"href":"https:\/\/kitchenemore.be\/index.php\/wp-json\/wp\/v2\/pages\/132\/revisions"}],"predecessor-version":[{"id":293,"href":"https:\/\/kitchenemore.be\/index.php\/wp-json\/wp\/v2\/pages\/132\/revisions\/293"}],"wp:featuredmedia":[{"embeddable":true,"href":"https:\/\/kitchenemore.be\/index.php\/wp-json\/wp\/v2\/media\/156"}],"wp:attachment":[{"href":"https:\/\/kitchenemore.be\/index.php\/wp-json\/wp\/v2\/media?parent=132"}],"curies":[{"name":"wp","href":"https:\/\/api.w.org\/{rel}","templated":true}]}}